{"id":2754,"date":"2022-09-30T12:52:38","date_gmt":"2022-09-30T10:52:38","guid":{"rendered":"https:\/\/epimentis.com\/information-des-personnes-concernees\/"},"modified":"2026-04-03T14:58:13","modified_gmt":"2026-04-03T12:58:13","slug":"concerned-persons-information","status":"publish","type":"page","link":"https:\/\/epimentis.com\/en\/concerned-persons-information\/","title":{"rendered":"Data privacy information"},"content":{"rendered":"<table width=\"1133\">\n<tbody>\n<tr>\n<td width=\"127\"><strong>Nom de l\u2019\u00e9tude<\/strong><\/td>\n<td width=\"128\"><strong>Intitul\u00e9 de l\u2019\u00e9tude<\/strong><\/td>\n<td width=\"99\"><strong>Responsable de traitement<\/strong><\/td>\n<td width=\"99\"><strong>Responsable de mise en oeuvre<\/strong><\/td>\n<td width=\"210\"><strong>Information collective (R\u00e9pertoire public des projets du Health Data Hub)<\/strong><\/td>\n<\/tr>\n<tr>\n<td width=\"127\">Typologies<\/td>\n<td width=\"128\">Description de la prise en charge et des co\u00fbts associ\u00e9s \u00e0 la mucoviscidose en France : donn\u00e9es du SNDS et du registre fran\u00e7ais de la mucoviscidose, analyses compl\u00e9mentaires par typologie<\/td>\n<td width=\"99\">Hospices civils de Lyon<\/td>\n<td width=\"99\">Epimentis<\/td>\n<td width=\"210\"><a href=\"https:\/\/www.health-data-hub.fr\/projets\/description-de-la-prise-en-charge-et-des-couts-associes-la-mucoviscidose-en-france-donnees\" target=\"_blank\" rel=\"noopener\"><img loading=\"lazy\" decoding=\"async\" class=\"aligncenter wp-image-2709 size-full\" src=\"\/wp-content\/uploads\/2022\/09\/arrow-down-to-bracket-regular.png\" alt=\"\" width=\"18\" height=\"20\" \/><\/a><\/td>\n<\/tr>\n<\/tbody>\n<\/table>\n","protected":false},"excerpt":{"rendered":"<p>Nom de l\u2019\u00e9tude Intitul\u00e9 de l\u2019\u00e9tude Responsable de traitement Responsable de mise en oeuvre Information collective (R\u00e9pertoire public des projets du Health Data Hub) Typologies Description de la prise en charge et des co\u00fbts associ\u00e9s \u00e0 la mucoviscidose en France : donn\u00e9es du SNDS et du registre fran\u00e7ais de la mucoviscidose, analyses compl\u00e9mentaires par typologie&hellip;<\/p>\n","protected":false},"author":8,"featured_media":0,"parent":0,"menu_order":0,"comment_status":"closed","ping_status":"closed","template":"traitement-information.php","meta":{"_acf_changed":false,"footnotes":""},"class_list":["post-2754","page","type-page","status-publish","hentry"],"acf":[],"yoast_head":"<!-- This site is optimized with the Yoast SEO plugin v27.5 - https:\/\/yoast.com\/product\/yoast-seo-wordpress\/ -->\n<title>Data privacy information - Epimentis<\/title>\n<meta name=\"description\" content=\"Epimentis takes part in studies involving personal data and provides the data subjects with an information notice enabling them to exercise their rights.\" \/>\n<meta name=\"robots\" content=\"index, follow, max-snippet:-1, max-image-preview:large, max-video-preview:-1\" \/>\n<link rel=\"canonical\" href=\"https:\/\/epimentis.com\/en\/concerned-persons-information\/\" \/>\n<meta property=\"og:locale\" content=\"en_US\" \/>\n<meta property=\"og:type\" content=\"article\" \/>\n<meta property=\"og:title\" content=\"Data privacy information - Epimentis\" \/>\n<meta property=\"og:description\" content=\"Epimentis takes part in studies involving personal data and provides the data subjects with an information notice enabling them to exercise their rights.\" \/>\n<meta property=\"og:url\" content=\"https:\/\/epimentis.com\/en\/concerned-persons-information\/\" \/>\n<meta property=\"og:site_name\" content=\"Pharmaco Epid\u00e9miologie - Epimentis\" \/>\n<meta property=\"article:modified_time\" content=\"2026-04-03T12:58:13+00:00\" \/>\n<meta property=\"og:image\" content=\"https:\/\/epimentis.com\/wp-content\/uploads\/2025\/07\/EpimentisRVB.png\" \/>\n\t<meta property=\"og:image:width\" content=\"984\" \/>\n\t<meta property=\"og:image:height\" content=\"791\" \/>\n\t<meta property=\"og:image:type\" content=\"image\/png\" \/>\n<meta name=\"twitter:card\" content=\"summary_large_image\" \/>\n<meta name=\"twitter:label1\" content=\"Est. reading time\" \/>\n\t<meta name=\"twitter:data1\" content=\"1 minute\" \/>\n<script type=\"application\/ld+json\" class=\"yoast-schema-graph\">{\"@context\":\"https:\\\/\\\/schema.org\",\"@graph\":[{\"@type\":\"WebPage\",\"@id\":\"https:\\\/\\\/epimentis.com\\\/en\\\/concerned-persons-information\\\/\",\"url\":\"https:\\\/\\\/epimentis.com\\\/en\\\/concerned-persons-information\\\/\",\"name\":\"Data privacy information - Epimentis\",\"isPartOf\":{\"@id\":\"https:\\\/\\\/epimentis.com\\\/#website\"},\"datePublished\":\"2022-09-30T10:52:38+00:00\",\"dateModified\":\"2026-04-03T12:58:13+00:00\",\"description\":\"Epimentis takes part in studies involving personal data and provides the data subjects with an information notice enabling them to exercise their rights.\",\"breadcrumb\":{\"@id\":\"https:\\\/\\\/epimentis.com\\\/en\\\/concerned-persons-information\\\/#breadcrumb\"},\"inLanguage\":\"en-US\",\"potentialAction\":[{\"@type\":\"ReadAction\",\"target\":[\"https:\\\/\\\/epimentis.com\\\/en\\\/concerned-persons-information\\\/\"]}]},{\"@type\":\"BreadcrumbList\",\"@id\":\"https:\\\/\\\/epimentis.com\\\/en\\\/concerned-persons-information\\\/#breadcrumb\",\"itemListElement\":[{\"@type\":\"ListItem\",\"position\":1,\"name\":\"Home\",\"item\":\"https:\\\/\\\/epimentis.com\\\/en\\\/\"},{\"@type\":\"ListItem\",\"position\":2,\"name\":\"Data privacy information\"}]},{\"@type\":\"WebSite\",\"@id\":\"https:\\\/\\\/epimentis.com\\\/#website\",\"url\":\"https:\\\/\\\/epimentis.com\\\/\",\"name\":\"Pharmaco Epid\u00e9miologie - Epimentis\",\"description\":\"Pharmaco Epid\u00e9miologie - Epimentis\",\"publisher\":{\"@id\":\"https:\\\/\\\/epimentis.com\\\/#organization\"},\"potentialAction\":[{\"@type\":\"SearchAction\",\"target\":{\"@type\":\"EntryPoint\",\"urlTemplate\":\"https:\\\/\\\/epimentis.com\\\/?s={search_term_string}\"},\"query-input\":{\"@type\":\"PropertyValueSpecification\",\"valueRequired\":true,\"valueName\":\"search_term_string\"}}],\"inLanguage\":\"en-US\"},{\"@type\":\"Organization\",\"@id\":\"https:\\\/\\\/epimentis.com\\\/#organization\",\"name\":\"Epimentis\",\"url\":\"https:\\\/\\\/epimentis.com\\\/\",\"logo\":{\"@type\":\"ImageObject\",\"inLanguage\":\"en-US\",\"@id\":\"https:\\\/\\\/epimentis.com\\\/#\\\/schema\\\/logo\\\/image\\\/\",\"url\":\"https:\\\/\\\/epimentis.com\\\/wp-content\\\/uploads\\\/2025\\\/07\\\/EpimentisRVB.png\",\"contentUrl\":\"https:\\\/\\\/epimentis.com\\\/wp-content\\\/uploads\\\/2025\\\/07\\\/EpimentisRVB.png\",\"width\":984,\"height\":791,\"caption\":\"Epimentis\"},\"image\":{\"@id\":\"https:\\\/\\\/epimentis.com\\\/#\\\/schema\\\/logo\\\/image\\\/\"},\"sameAs\":[\"https:\\\/\\\/www.linkedin.com\\\/company\\\/11263213\\\/\"]}]}<\/script>\n<!-- \/ Yoast SEO plugin. -->","yoast_head_json":{"title":"Data privacy information - Epimentis","description":"Epimentis takes part in studies involving personal data and provides the data subjects with an information notice enabling them to exercise their rights.","robots":{"index":"index","follow":"follow","max-snippet":"max-snippet:-1","max-image-preview":"max-image-preview:large","max-video-preview":"max-video-preview:-1"},"canonical":"https:\/\/epimentis.com\/en\/concerned-persons-information\/","og_locale":"en_US","og_type":"article","og_title":"Data privacy information - Epimentis","og_description":"Epimentis takes part in studies involving personal data and provides the data subjects with an information notice enabling them to exercise their rights.","og_url":"https:\/\/epimentis.com\/en\/concerned-persons-information\/","og_site_name":"Pharmaco Epid\u00e9miologie - Epimentis","article_modified_time":"2026-04-03T12:58:13+00:00","og_image":[{"width":984,"height":791,"url":"https:\/\/epimentis.com\/wp-content\/uploads\/2025\/07\/EpimentisRVB.png","type":"image\/png"}],"twitter_card":"summary_large_image","twitter_misc":{"Est. reading time":"1 minute"},"schema":{"@context":"https:\/\/schema.org","@graph":[{"@type":"WebPage","@id":"https:\/\/epimentis.com\/en\/concerned-persons-information\/","url":"https:\/\/epimentis.com\/en\/concerned-persons-information\/","name":"Data privacy information - Epimentis","isPartOf":{"@id":"https:\/\/epimentis.com\/#website"},"datePublished":"2022-09-30T10:52:38+00:00","dateModified":"2026-04-03T12:58:13+00:00","description":"Epimentis takes part in studies involving personal data and provides the data subjects with an information notice enabling them to exercise their rights.","breadcrumb":{"@id":"https:\/\/epimentis.com\/en\/concerned-persons-information\/#breadcrumb"},"inLanguage":"en-US","potentialAction":[{"@type":"ReadAction","target":["https:\/\/epimentis.com\/en\/concerned-persons-information\/"]}]},{"@type":"BreadcrumbList","@id":"https:\/\/epimentis.com\/en\/concerned-persons-information\/#breadcrumb","itemListElement":[{"@type":"ListItem","position":1,"name":"Home","item":"https:\/\/epimentis.com\/en\/"},{"@type":"ListItem","position":2,"name":"Data privacy information"}]},{"@type":"WebSite","@id":"https:\/\/epimentis.com\/#website","url":"https:\/\/epimentis.com\/","name":"Pharmaco Epid\u00e9miologie - Epimentis","description":"Pharmaco Epid\u00e9miologie - Epimentis","publisher":{"@id":"https:\/\/epimentis.com\/#organization"},"potentialAction":[{"@type":"SearchAction","target":{"@type":"EntryPoint","urlTemplate":"https:\/\/epimentis.com\/?s={search_term_string}"},"query-input":{"@type":"PropertyValueSpecification","valueRequired":true,"valueName":"search_term_string"}}],"inLanguage":"en-US"},{"@type":"Organization","@id":"https:\/\/epimentis.com\/#organization","name":"Epimentis","url":"https:\/\/epimentis.com\/","logo":{"@type":"ImageObject","inLanguage":"en-US","@id":"https:\/\/epimentis.com\/#\/schema\/logo\/image\/","url":"https:\/\/epimentis.com\/wp-content\/uploads\/2025\/07\/EpimentisRVB.png","contentUrl":"https:\/\/epimentis.com\/wp-content\/uploads\/2025\/07\/EpimentisRVB.png","width":984,"height":791,"caption":"Epimentis"},"image":{"@id":"https:\/\/epimentis.com\/#\/schema\/logo\/image\/"},"sameAs":["https:\/\/www.linkedin.com\/company\/11263213\/"]}]}},"_links":{"self":[{"href":"https:\/\/epimentis.com\/en\/wp-json\/wp\/v2\/pages\/2754","targetHints":{"allow":["GET"]}}],"collection":[{"href":"https:\/\/epimentis.com\/en\/wp-json\/wp\/v2\/pages"}],"about":[{"href":"https:\/\/epimentis.com\/en\/wp-json\/wp\/v2\/types\/page"}],"author":[{"embeddable":true,"href":"https:\/\/epimentis.com\/en\/wp-json\/wp\/v2\/users\/8"}],"replies":[{"embeddable":true,"href":"https:\/\/epimentis.com\/en\/wp-json\/wp\/v2\/comments?post=2754"}],"version-history":[{"count":6,"href":"https:\/\/epimentis.com\/en\/wp-json\/wp\/v2\/pages\/2754\/revisions"}],"predecessor-version":[{"id":3603,"href":"https:\/\/epimentis.com\/en\/wp-json\/wp\/v2\/pages\/2754\/revisions\/3603"}],"wp:attachment":[{"href":"https:\/\/epimentis.com\/en\/wp-json\/wp\/v2\/media?parent=2754"}],"curies":[{"name":"wp","href":"https:\/\/api.w.org\/{rel}","templated":true}]}}